{"id":35,"date":"2018-03-11T11:38:43","date_gmt":"2018-03-11T11:38:43","guid":{"rendered":"http:\/\/info.meier-heizungsbau.de\/?page_id=35"},"modified":"2018-03-11T11:38:43","modified_gmt":"2018-03-11T11:38:43","slug":"impressum","status":"publish","type":"page","link":"https:\/\/meier-heizungsbau.de\/?page_id=35","title":{"rendered":"Impressum"},"content":{"rendered":"<p><b>Meier Heizungsbau GmbH<\/b><\/p>\n<p>Anschrift:<\/p>\n<p>Regensburger Str. 55<br \/>\nD- 92358 Seubersdorf \/ Germany<\/p>\n<p>Telefon: 09497-265<br \/>\nFax: 09497-1594<\/p>\n<p>e-mail: meier-heizungsbau@gmx.de<\/p>\n<p>Web: www.meier-heizungsbau.de<\/p>\n<p><b>Gesch\u00e4ftf\u00fchrer:<\/b><\/p>\n<p>Thomas Meier<\/p>\n<p><b>Registergericht:<br \/>\n<\/b><br \/>\nAmtsgericht N\u00fcrnberg<br \/>\nRegisternummer HRB 11717<\/p>\n<p><b>Zust\u00e4ndige Kammer: <\/b><\/p>\n<p>Handwerkskammer Niederbayern-Oberpfalz<br \/>\nPostfach 16 31<br \/>\nD-94006 Passau<br \/>\nTel.-Nr. 0851-5301-0<\/p>\n<p>Mitglieds-Nr. 7451095<\/p>\n<p><b>Berufsbezeichnung:<\/b><\/p>\n<p>Meister im Zentralheizungs- und L\u00fcftungsbauer-Handwerk<br \/>\nVerliehen von der Handwerkskammer Niederbayern \/ Oberpfalz am 20.02.1992<\/p>\n<p><b>Mitglied im&#8230;<\/b><\/p>\n<p>Fachverband<br \/>\nSanit\u00e4r-, Heizungs- und Klimatechnik Bayern<br \/>\nPf\u00e4lzer-Wald-Stra\u00dfe 32<br \/>\n81539 M\u00fcnchen<\/p>\n<p>Telefon: 089\/546157-0<br \/>\nTelefax: 089\/546157-59<\/p>\n<p><b>Zust\u00e4ndiges Finanzamt: <\/b><\/p>\n<p>Finanzamt Amberg<br \/>\nPostfach 14 52<br \/>\nD-92204 Amberg<\/p>\n<p>Tel.-Nr. 09621-360<\/p>\n<p>Steuer \u2013 Nr.: 201\/132\/20296<br \/>\nUSt-ID-Nr.: DE 155 970 311<\/p>\n<p><b>Zust\u00e4ndiges Gewerbeamt:<\/b><\/p>\n<p>Gemeinde Seubersdorf i.d. Oberpfalz<br \/>\nSchulstrasse 4<br \/>\n92358 Seubersdorf<\/p>\n<p>Telefon: 09497\/941960<br \/>\nTelefax: 09497\/1598<\/p>\n","protected":false},"excerpt":{"rendered":"<p>Meier Heizungsbau GmbH Anschrift: Regensburger Str. 55 D- 92358 Seubersdorf \/ Germany Telefon: 09497-265 Fax: 09497-1594 e-mail: meier-heizungsbau@gmx.de Web: www.meier-heizungsbau.de Gesch\u00e4ftf\u00fchrer: Thomas Meier Registergericht: Amtsgericht N\u00fcrnberg Registernummer HRB 11717 Zust\u00e4ndige Kammer: Handwerkskammer Niederbayern-Oberpfalz Postfach 16 31 D-94006 Passau Tel.-Nr. 0851-5301-0&#8230; <a href=\"https:\/\/meier-heizungsbau.de\/?page_id=35\" class=\"readmore\">Bitte weiterlesen&#8230;<span class=\"screen-reader-text\">Impressum<\/span><span class=\"fa fa-angle-double-right\" aria-hidden=\"true\"><\/span><\/a><\/p>\n","protected":false},"author":1,"featured_media":0,"parent":0,"menu_order":0,"comment_status":"closed","ping_status":"closed","template":"","meta":{"jetpack_post_was_ever_published":false,"footnotes":""},"class_list":["post-35","page","type-page","status-publish","hentry"],"jetpack_sharing_enabled":true,"jetpack_shortlink":"https:\/\/wp.me\/P9JSZ0-z","jetpack_likes_enabled":true,"jetpack-related-posts":[],"_links":{"self":[{"href":"https:\/\/meier-heizungsbau.de\/index.php?rest_route=\/wp\/v2\/pages\/35","targetHints":{"allow":["GET"]}}],"collection":[{"href":"https:\/\/meier-heizungsbau.de\/index.php?rest_route=\/wp\/v2\/pages"}],"about":[{"href":"https:\/\/meier-heizungsbau.de\/index.php?rest_route=\/wp\/v2\/types\/page"}],"author":[{"embeddable":true,"href":"https:\/\/meier-heizungsbau.de\/index.php?rest_route=\/wp\/v2\/users\/1"}],"replies":[{"embeddable":true,"href":"https:\/\/meier-heizungsbau.de\/index.php?rest_route=%2Fwp%2Fv2%2Fcomments&post=35"}],"version-history":[{"count":0,"href":"https:\/\/meier-heizungsbau.de\/index.php?rest_route=\/wp\/v2\/pages\/35\/revisions"}],"wp:attachment":[{"href":"https:\/\/meier-heizungsbau.de\/index.php?rest_route=%2Fwp%2Fv2%2Fmedia&parent=35"}],"curies":[{"name":"wp","href":"https:\/\/api.w.org\/{rel}","templated":true}]}}