{"id":26,"date":"2018-03-11T11:27:05","date_gmt":"2018-03-11T11:27:05","guid":{"rendered":"http:\/\/info.meier-heizungsbau.de\/?page_id=26"},"modified":"2018-11-19T15:42:48","modified_gmt":"2018-11-19T15:42:48","slug":"ueber-uns","status":"publish","type":"page","link":"https:\/\/meier-heizungsbau.de\/?page_id=26","title":{"rendered":"\u00dcber uns"},"content":{"rendered":"<h1>\u00dcber uns<\/h1>\n<div class=\"paragraph\"><\/div>\n<h2>Unser Firmenhauptsitz<\/h2>\n<p>H\u00e4tte Thomas Meier als Jugendlicher seinen damaligen Traumberuf ergriffen, w\u00fcrde das einladend gepflegte Anwesen in der Regensburger Stra\u00dfe in Seubersdorf heute wohl nicht existieren.<\/p>\n<p>Doch statt als Koch auf einem Schiff \u00fcber die Meere zu segeln, besann er sich eines Besseren und folgte dem Weg seines Vaters:<\/p>\n<p><b>Josef Meier gr\u00fcndete 1976 in Batzhausen einen 1-Mann-Betrieb f\u00fcr Zentralheizungs- und L\u00fcftungsbau. <\/b><\/p>\n<p>Schnell wuchs die Zahl der Auftr\u00e4ge und Josef Meier nahm 1983 seinen Sohn Thomas in die Lehre.<\/p>\n","protected":false},"excerpt":{"rendered":"<p>\u00dcber uns Unser Firmenhauptsitz H\u00e4tte Thomas Meier als Jugendlicher seinen damaligen Traumberuf ergriffen, w\u00fcrde das einladend gepflegte Anwesen in der Regensburger Stra\u00dfe in Seubersdorf heute wohl nicht existieren. Doch statt als Koch auf einem Schiff \u00fcber die Meere zu segeln,&#8230; <a href=\"https:\/\/meier-heizungsbau.de\/?page_id=26\" class=\"readmore\">Bitte weiterlesen&#8230;<span class=\"screen-reader-text\">\u00dcber uns<\/span><span class=\"fa fa-angle-double-right\" aria-hidden=\"true\"><\/span><\/a><\/p>\n","protected":false},"author":1,"featured_media":18,"parent":0,"menu_order":0,"comment_status":"closed","ping_status":"closed","template":"","meta":{"jetpack_post_was_ever_published":false,"footnotes":""},"class_list":["post-26","page","type-page","status-publish","has-post-thumbnail","hentry"],"jetpack_sharing_enabled":true,"jetpack_shortlink":"https:\/\/wp.me\/P9JSZ0-q","jetpack_likes_enabled":true,"jetpack-related-posts":[],"_links":{"self":[{"href":"https:\/\/meier-heizungsbau.de\/index.php?rest_route=\/wp\/v2\/pages\/26","targetHints":{"allow":["GET"]}}],"collection":[{"href":"https:\/\/meier-heizungsbau.de\/index.php?rest_route=\/wp\/v2\/pages"}],"about":[{"href":"https:\/\/meier-heizungsbau.de\/index.php?rest_route=\/wp\/v2\/types\/page"}],"author":[{"embeddable":true,"href":"https:\/\/meier-heizungsbau.de\/index.php?rest_route=\/wp\/v2\/users\/1"}],"replies":[{"embeddable":true,"href":"https:\/\/meier-heizungsbau.de\/index.php?rest_route=%2Fwp%2Fv2%2Fcomments&post=26"}],"version-history":[{"count":0,"href":"https:\/\/meier-heizungsbau.de\/index.php?rest_route=\/wp\/v2\/pages\/26\/revisions"}],"wp:featuredmedia":[{"embeddable":true,"href":"https:\/\/meier-heizungsbau.de\/index.php?rest_route=\/wp\/v2\/media\/18"}],"wp:attachment":[{"href":"https:\/\/meier-heizungsbau.de\/index.php?rest_route=%2Fwp%2Fv2%2Fmedia&parent=26"}],"curies":[{"name":"wp","href":"https:\/\/api.w.org\/{rel}","templated":true}]}}