{"id":2,"date":"2016-05-10T03:48:21","date_gmt":"2016-05-10T03:48:21","guid":{"rendered":"http:\/\/info.meier-heizungsbau.de\/?page_id=2"},"modified":"2018-11-19T15:43:36","modified_gmt":"2018-11-19T15:43:36","slug":"sample-page","status":"publish","type":"page","link":"https:\/\/meier-heizungsbau.de\/","title":{"rendered":"Startseite"},"content":{"rendered":"<p><b>Herzlich willkommen auf unserer Website.<\/b><\/p>\n<p>Wir freuen uns, Ihnen auf dieser und den kommenden Seiten unsere Leistungspalette, unserer Firmenphilosphie, unser Team und vieles andere mehr vorzustellen.<\/p>\n<p>Unser Unternehmen blickt auf eine langj\u00e4hrige Tradition zur\u00fcck, in der seit den Anf\u00e4ngen der Innovationsgedanke immer im Vordergrund stand.<\/p>\n<p>Unser breit gef\u00e4chertes Produktsortiment bietet unseren Kunden hochwertige, st\u00e4ndig kontrollierte Qualit\u00e4t, die auf der Basis neuester Technologien und fortschrittlichster wissenschaftlicher Erkenntnisse sorgf\u00e4ltig produziert wird.<\/p>\n","protected":false},"excerpt":{"rendered":"<p>Herzlich willkommen auf unserer Website. Wir freuen uns, Ihnen auf dieser und den kommenden Seiten unsere Leistungspalette, unserer Firmenphilosphie, unser Team und vieles andere mehr vorzustellen. Unser Unternehmen blickt auf eine langj\u00e4hrige Tradition zur\u00fcck, in der seit den Anf\u00e4ngen der&#8230; <a href=\"https:\/\/meier-heizungsbau.de\/\" class=\"readmore\">Bitte weiterlesen&#8230;<span class=\"screen-reader-text\">Startseite<\/span><span class=\"fa fa-angle-double-right\" aria-hidden=\"true\"><\/span><\/a><\/p>\n","protected":false},"author":1,"featured_media":18,"parent":0,"menu_order":0,"comment_status":"closed","ping_status":"open","template":"","meta":{"jetpack_post_was_ever_published":false,"footnotes":""},"class_list":["post-2","page","type-page","status-publish","has-post-thumbnail","hentry"],"jetpack_sharing_enabled":true,"jetpack_shortlink":"https:\/\/wp.me\/P9JSZ0-2","jetpack_likes_enabled":true,"jetpack-related-posts":[],"_links":{"self":[{"href":"https:\/\/meier-heizungsbau.de\/index.php?rest_route=\/wp\/v2\/pages\/2","targetHints":{"allow":["GET"]}}],"collection":[{"href":"https:\/\/meier-heizungsbau.de\/index.php?rest_route=\/wp\/v2\/pages"}],"about":[{"href":"https:\/\/meier-heizungsbau.de\/index.php?rest_route=\/wp\/v2\/types\/page"}],"author":[{"embeddable":true,"href":"https:\/\/meier-heizungsbau.de\/index.php?rest_route=\/wp\/v2\/users\/1"}],"replies":[{"embeddable":true,"href":"https:\/\/meier-heizungsbau.de\/index.php?rest_route=%2Fwp%2Fv2%2Fcomments&post=2"}],"version-history":[{"count":0,"href":"https:\/\/meier-heizungsbau.de\/index.php?rest_route=\/wp\/v2\/pages\/2\/revisions"}],"wp:featuredmedia":[{"embeddable":true,"href":"https:\/\/meier-heizungsbau.de\/index.php?rest_route=\/wp\/v2\/media\/18"}],"wp:attachment":[{"href":"https:\/\/meier-heizungsbau.de\/index.php?rest_route=%2Fwp%2Fv2%2Fmedia&parent=2"}],"curies":[{"name":"wp","href":"https:\/\/api.w.org\/{rel}","templated":true}]}}